{"id":26626,"date":"2025-10-12T16:34:41","date_gmt":"2025-10-12T21:34:41","guid":{"rendered":"https:\/\/sanjoselima.org\/parroquia\/?page_id=26626"},"modified":"2025-10-12T17:09:59","modified_gmt":"2025-10-12T22:09:59","slug":"arzobispado","status":"publish","type":"page","link":"https:\/\/sanjoselima.org\/parroquia\/arzobispado\/","title":{"rendered":"Arzobispado"},"content":{"rendered":"\t\t<div data-elementor-type=\"wp-page\" data-elementor-id=\"26626\" class=\"elementor elementor-26626\">\n\t\t\t\t<div class=\"elementor-element elementor-element-1b6161c e-flex e-con-boxed e-con e-parent\" data-id=\"1b6161c\" data-element_type=\"container\" data-settings=\"{&quot;background_background&quot;:&quot;classic&quot;}\">\n\t\t\t\t\t<div class=\"e-con-inner\">\n\t\t<div class=\"elementor-element elementor-element-a621323 e-con-full e-flex e-con e-child\" data-id=\"a621323\" data-element_type=\"container\">\n\t\t\t\t<div class=\"elementor-element elementor-element-2ff45f2 elementor-widget elementor-widget-heading\" data-id=\"2ff45f2\" data-element_type=\"widget\" data-widget_type=\"heading.default\">\n\t\t\t\t<div class=\"elementor-widget-container\">\n\t\t\t\t\t<h1 class=\"elementor-heading-title elementor-size-default\">Arzobispado<\/h1>\t\t\t\t<\/div>\n\t\t\t\t<\/div>\n\t\t\t\t<\/div>\n\t\t\t\t\t<\/div>\n\t\t\t\t<\/div>\n\t\t<div class=\"elementor-element elementor-element-3a31dfd e-flex e-con-boxed e-con e-parent\" data-id=\"3a31dfd\" data-element_type=\"container\" data-settings=\"{&quot;background_background&quot;:&quot;classic&quot;}\">\n\t\t\t\t\t<div class=\"e-con-inner\">\n\t\t\t\t<div class=\"elementor-element elementor-element-bf01101 elementor-widget elementor-widget-shortcode\" data-id=\"bf01101\" data-element_type=\"widget\" data-widget_type=\"shortcode.default\">\n\t\t\t\t<div class=\"elementor-widget-container\">\n\t\t\t\t\t\t\t<div class=\"elementor-shortcode\"><div class=\"feedzy-713e4b9776e8162096a2138b57facaf7 feedzy-rss\"><ul><li  style=\"padding: 15px 0 25px\" class=\"rss_item\"><div class=\"rss_image\" style=\"height:150px;width:150px;\"><a href=\"https:\/\/www.arzobispadodelima.org\/homiliasrecientes\/cardenal-castillo-basta-de-un-catolicismo-estandar-asumamos-que-somos-distintos\/\" target=\"_blank\" rel=\" noopener\" title=\"Cardenal Castillo: Basta de un catolicismo \u2018est\u00e1ndar\u2019, asumamos que somos distintos\" style=\"height:150px;width:150px;\"><img decoding=\"async\" src=\"https:\/\/www.arzobispadodelima.org\/wp-content\/uploads\/2025\/04\/Domingo-resurreccion-cardenal-castillo-abril-2025-1024x682.jpg\" title=\"Cardenal Castillo: Basta de un catolicismo \u2018est\u00e1ndar\u2019, asumamos que somos distintos\" style=\"height:150px;width:150px;\" alt=\"Domingo Resurreccion Cardenal Castillo Abril 2025 1024x682\"><\/a><\/div><span class=\"title\"><a href=\"https:\/\/www.arzobispadodelima.org\/homiliasrecientes\/cardenal-castillo-basta-de-un-catolicismo-estandar-asumamos-que-somos-distintos\/\" target=\"_blank\" rel=\" noopener\">Cardenal Castillo: Basta de un catolicismo \u2018est\u00e1ndar\u2019, asumamos que somos distintos<\/a><\/span><div class=\"rss_content\" style=\"\"><small>by <a href=\"\/\/www.arzobispadodelima.org\" target=\"_blank\" title=\"www.arzobispadodelima.org\">Juan Dioses<\/a> on 5 abril, 2026 at 8:46 pm <\/small><p>El Cardenal Castillo record\u00f3 que el anuncio de la Resurrecci\u00f3n se presenta como una experiencia [&hellip;]<\/p><\/div><\/li><li  style=\"padding: 15px 0 25px\" class=\"rss_item\"><div class=\"rss_image\" style=\"height:150px;width:150px;\"><a href=\"https:\/\/www.arzobispadodelima.org\/vaticano\/leon-xiv-en-pascua-cristo-nos-bendiga-y-conceda-su-paz-al-mundo-entero\/\" target=\"_blank\" rel=\" noopener\" title=\"Le\u00f3n XIV en Pascua: Cristo nos bendiga y conceda su paz al mundo entero\" style=\"height:150px;width:150px;\"><img decoding=\"async\" src=\"https:\/\/www.arzobispadodelima.org\/wp-content\/uploads\/2026\/04\/Leon-XIV-pascua-abril-2026.avif\" title=\"Le\u00f3n XIV en Pascua: Cristo nos bendiga y conceda su paz al mundo entero\" style=\"height:150px;width:150px;\" alt=\"Leon XIV Pascua Abril 2026\"><\/a><\/div><span class=\"title\"><a href=\"https:\/\/www.arzobispadodelima.org\/vaticano\/leon-xiv-en-pascua-cristo-nos-bendiga-y-conceda-su-paz-al-mundo-entero\/\" target=\"_blank\" rel=\" noopener\">Le\u00f3n XIV en Pascua: Cristo nos bendiga y conceda su paz al mundo entero<\/a><\/span><div class=\"rss_content\" style=\"\"><small>by <a href=\"\/\/www.arzobispadodelima.org\" target=\"_blank\" title=\"www.arzobispadodelima.org\">Juan Dioses<\/a> on 5 abril, 2026 at 3:42 pm <\/small><p>Este 5 de abril, Domingo de Resurrecci\u00f3n, el Santo Padre presidi\u00f3 la Santa Misa del d\u00eda en [&hellip;]<\/p><\/div><\/li><li  style=\"padding: 15px 0 25px\" class=\"rss_item\"><div class=\"rss_image\" style=\"height:150px;width:150px;\"><a href=\"https:\/\/www.arzobispadodelima.org\/homiliasrecientes\/vigilia-pascual-rehacer-el-mundo-desde-los-margenes-de-la-nueva-galilea\/\" target=\"_blank\" rel=\" noopener\" title=\"Vigilia Pascual: Rehacer el mundo desde los m\u00e1rgenes de la nueva Galilea\" style=\"height:150px;width:150px;\"><img decoding=\"async\" src=\"https:\/\/live.staticflickr.com\/65535\/55188711470_09945e687d_b.jpg\" title=\"Vigilia Pascual: Rehacer el mundo desde los m\u00e1rgenes de la nueva Galilea\" style=\"height:150px;width:150px;\" alt=\"55188711470 09945e687d B\"><\/a><\/div><span class=\"title\"><a href=\"https:\/\/www.arzobispadodelima.org\/homiliasrecientes\/vigilia-pascual-rehacer-el-mundo-desde-los-margenes-de-la-nueva-galilea\/\" target=\"_blank\" rel=\" noopener\">Vigilia Pascual: Rehacer el mundo desde los m\u00e1rgenes de la nueva Galilea<\/a><\/span><div class=\"rss_content\" style=\"\"><small>by <a href=\"\/\/www.arzobispadodelima.org\" target=\"_blank\" title=\"www.arzobispadodelima.org\">Juan Dioses<\/a> on 5 abril, 2026 at 5:13 am <\/small><p>En la Vigilia Pascual celebrada en Catedral de Lima, el Cardenal Carlos Castillo record\u00f3 que hemos [&hellip;]<\/p><\/div><\/li><li  style=\"padding: 15px 0 25px\" class=\"rss_item\"><div class=\"rss_image\" style=\"height:150px;width:150px;\"><a href=\"https:\/\/www.arzobispadodelima.org\/homiliasrecientes\/card-castillo-en-viernes-santo-la-humanidad-no-esta-hecha-para-matarse\/\" target=\"_blank\" rel=\" noopener\" title=\"Viernes Santo: La humanidad no est\u00e1 hecha para matarse\" style=\"height:150px;width:150px;\"><img decoding=\"async\" src=\"https:\/\/www.arzobispadodelima.org\/wp-content\/uploads\/2026\/04\/cardenal-castillo-oficio-pasion-viernes-santo-abril-2026-1024x682.webp\" title=\"Viernes Santo: La humanidad no est\u00e1 hecha para matarse\" style=\"height:150px;width:150px;\" alt=\"Cardenal Castillo Oficio Pasion Viernes Santo Abril 2026 1024x682\"><\/a><\/div><span class=\"title\"><a href=\"https:\/\/www.arzobispadodelima.org\/homiliasrecientes\/card-castillo-en-viernes-santo-la-humanidad-no-esta-hecha-para-matarse\/\" target=\"_blank\" rel=\" noopener\">Viernes Santo: La humanidad no est\u00e1 hecha para matarse<\/a><\/span><div class=\"rss_content\" style=\"\"><small>by <a href=\"\/\/www.arzobispadodelima.org\" target=\"_blank\" title=\"www.arzobispadodelima.org\">Juan Dioses<\/a> on 3 abril, 2026 at 9:28 pm <\/small><p>En este Viernes Santo, el Cardenal Carlos Castillo presidi\u00f3 el oficio de la Pasi\u00f3n del Se\u00f1or [&hellip;]<\/p><\/div><\/li><li  style=\"padding: 15px 0 25px\" class=\"rss_item\"><div class=\"rss_image\" style=\"height:150px;width:150px;\"><a href=\"https:\/\/www.arzobispadodelima.org\/destacados\/sermon-de-las-7-palabras-reflexiones-del-viernes-santo-2\/\" target=\"_blank\" rel=\" noopener\" title=\"Serm\u00f3n de las 7 Palabras: Reflexiones del Viernes Santo\" style=\"height:150px;width:150px;\"><img decoding=\"async\" src=\"https:\/\/live.staticflickr.com\/65535\/55186365460_cfc747726d_b.jpg\" title=\"Serm\u00f3n de las 7 Palabras: Reflexiones del Viernes Santo\" style=\"height:150px;width:150px;\" alt=\"55186365460 Cfc747726d B\"><\/a><\/div><span class=\"title\"><a href=\"https:\/\/www.arzobispadodelima.org\/destacados\/sermon-de-las-7-palabras-reflexiones-del-viernes-santo-2\/\" target=\"_blank\" rel=\" noopener\">Serm\u00f3n de las 7 Palabras: Reflexiones del Viernes Santo<\/a><\/span><div class=\"rss_content\" style=\"\"><small>by <a href=\"\/\/www.arzobispadodelima.org\" target=\"_blank\" title=\"www.arzobispadodelima.org\">Juan Dioses<\/a> on 3 abril, 2026 at 8:40 pm <\/small><p>El Serm\u00f3n de las 7 Palabras, pronunciado en el Santuario Las Nazarenas, ha congregado a cientos de [&hellip;]<\/p><\/div><\/li><li  style=\"padding: 15px 0 25px\" class=\"rss_item\"><div class=\"rss_image\" style=\"height:150px;width:150px;\"><a href=\"https:\/\/www.arzobispadodelima.org\/destacados\/cardenal-castillo-compartir-el-pan-y-servir-a-la-humanidad-no-destruirla\/\" target=\"_blank\" rel=\" noopener\" title=\"Cena del Se\u00f1or: Compartir el pan y servir a la humanidad \u00a1No destruirla!\" style=\"height:150px;width:150px;\"><img decoding=\"async\" src=\"https:\/\/www.arzobispadodelima.org\/wp-content\/uploads\/2026\/04\/Cardenal-Castillo-lavado-pies-abril-2026-1-1024x682.webp\" title=\"Cena del Se\u00f1or: Compartir el pan y servir a la humanidad \u00a1No destruirla!\" style=\"height:150px;width:150px;\" alt=\"Cardenal Castillo Lavado Pies Abril 2026 1 1024x682\"><\/a><\/div><span class=\"title\"><a href=\"https:\/\/www.arzobispadodelima.org\/destacados\/cardenal-castillo-compartir-el-pan-y-servir-a-la-humanidad-no-destruirla\/\" target=\"_blank\" rel=\" noopener\">Cena del Se\u00f1or: Compartir el pan y servir a la humanidad \u00a1No destruirla!<\/a><\/span><div class=\"rss_content\" style=\"\"><small>by <a href=\"\/\/www.arzobispadodelima.org\" target=\"_blank\" title=\"www.arzobispadodelima.org\">Juan Dioses<\/a> on 3 abril, 2026 at 4:16 am <\/small><p>En una emotiva celebraci\u00f3n, el Cardenal Carlos Castillo lav\u00f3 los pies a doce ni\u00f1os y ni\u00f1as de [&hellip;]<\/p><\/div><\/li><\/ul> <\/div><style type=\"text\/css\" media=\"all\">.feedzy-rss .rss_item .rss_image{float:left;position:relative;border:none;text-decoration:none;max-width:100%}.feedzy-rss .rss_item .rss_image span{display:inline-block;position:absolute;width:100%;height:100%;background-position:50%;background-size:cover}.feedzy-rss .rss_item .rss_image{margin:.3em 1em 0 0;content-visibility:auto}.feedzy-rss ul{list-style:none}.feedzy-rss ul li{display:inline-block}<\/style><\/div>\n\t\t\t\t\t\t<\/div>\n\t\t\t\t<\/div>\n\t\t\t\t\t<\/div>\n\t\t\t\t<\/div>\n\t\t\t\t<\/div>\n\t\t","protected":false},"excerpt":{"rendered":"<p>Arzobispado<\/p>\n","protected":false},"author":5,"featured_media":0,"parent":0,"menu_order":0,"comment_status":"closed","ping_status":"closed","template":"","meta":{"site-sidebar-layout":"no-sidebar","site-content-layout":"page-builder","ast-site-content-layout":"default","site-content-style":"default","site-sidebar-style":"default","ast-global-header-display":"","ast-banner-title-visibility":"","ast-main-header-display":"","ast-hfb-above-header-display":"","ast-hfb-below-header-display":"","ast-hfb-mobile-header-display":"","site-post-title":"disabled","ast-breadcrumbs-content":"disabled","ast-featured-img":"disabled","footer-sml-layout":"","theme-transparent-header-meta":"enabled","adv-header-id-meta":"","stick-header-meta":"","header-above-stick-meta":"","header-main-stick-meta":"","header-below-stick-meta":"","astra-migrate-meta-layouts":"default","ast-page-background-enabled":"default","ast-page-background-meta":{"desktop":{"background-color":"var(--ast-global-color-4)","background-image":"","background-repeat":"repeat","background-position":"center center","background-size":"auto","background-attachment":"scroll","background-type":"","background-media":"","overlay-type":"","overlay-color":"","overlay-opacity":"","overlay-gradient":""},"tablet":{"background-color":"","background-image":"","background-repeat":"repeat","background-position":"center center","background-size":"auto","background-attachment":"scroll","background-type":"","background-media":"","overlay-type":"","overlay-color":"","overlay-opacity":"","overlay-gradient":""},"mobile":{"background-color":"","background-image":"","background-repeat":"repeat","background-position":"center center","background-size":"auto","background-attachment":"scroll","background-type":"","background-media":"","overlay-type":"","overlay-color":"","overlay-opacity":"","overlay-gradient":""}},"ast-content-background-meta":{"desktop":{"background-color":"var(--ast-global-color-5)","background-image":"","background-repeat":"repeat","background-position":"center center","background-size":"auto","background-attachment":"scroll","background-type":"","background-media":"","overlay-type":"","overlay-color":"","overlay-opacity":"","overlay-gradient":""},"tablet":{"background-color":"var(--ast-global-color-5)","background-image":"","background-repeat":"repeat","background-position":"center center","background-size":"auto","background-attachment":"scroll","background-type":"","background-media":"","overlay-type":"","overlay-color":"","overlay-opacity":"","overlay-gradient":""},"mobile":{"background-color":"var(--ast-global-color-5)","background-image":"","background-repeat":"repeat","background-position":"center center","background-size":"auto","background-attachment":"scroll","background-type":"","background-media":"","overlay-type":"","overlay-color":"","overlay-opacity":"","overlay-gradient":""}},"footnotes":""},"class_list":["post-26626","page","type-page","status-publish","hentry"],"_links":{"self":[{"href":"https:\/\/sanjoselima.org\/parroquia\/wp-json\/wp\/v2\/pages\/26626","targetHints":{"allow":["GET"]}}],"collection":[{"href":"https:\/\/sanjoselima.org\/parroquia\/wp-json\/wp\/v2\/pages"}],"about":[{"href":"https:\/\/sanjoselima.org\/parroquia\/wp-json\/wp\/v2\/types\/page"}],"author":[{"embeddable":true,"href":"https:\/\/sanjoselima.org\/parroquia\/wp-json\/wp\/v2\/users\/5"}],"replies":[{"embeddable":true,"href":"https:\/\/sanjoselima.org\/parroquia\/wp-json\/wp\/v2\/comments?post=26626"}],"version-history":[{"count":16,"href":"https:\/\/sanjoselima.org\/parroquia\/wp-json\/wp\/v2\/pages\/26626\/revisions"}],"predecessor-version":[{"id":26666,"href":"https:\/\/sanjoselima.org\/parroquia\/wp-json\/wp\/v2\/pages\/26626\/revisions\/26666"}],"wp:attachment":[{"href":"https:\/\/sanjoselima.org\/parroquia\/wp-json\/wp\/v2\/media?parent=26626"}],"curies":[{"name":"wp","href":"https:\/\/api.w.org\/{rel}","templated":true}]}}