{"id":13,"date":"2025-07-23T09:25:30","date_gmt":"2025-07-23T14:25:30","guid":{"rendered":"https:\/\/sanjoselima.org\/parroquia\/?page_id=13"},"modified":"2025-10-12T01:16:42","modified_gmt":"2025-10-12T06:16:42","slug":"about","status":"publish","type":"page","link":"https:\/\/sanjoselima.org\/parroquia\/about\/","title":{"rendered":"Nosotros"},"content":{"rendered":"\t\t<div data-elementor-type=\"wp-page\" data-elementor-id=\"13\" class=\"elementor elementor-13\">\n\t\t\t\t<div class=\"elementor-element elementor-element-19b8c8c e-flex e-con-boxed e-con e-parent\" data-id=\"19b8c8c\" data-element_type=\"container\" data-settings=\"{&quot;background_background&quot;:&quot;classic&quot;}\">\n\t\t\t\t\t<div class=\"e-con-inner\">\n\t\t<div class=\"elementor-element elementor-element-372848a e-con-full e-flex e-con e-child\" data-id=\"372848a\" data-element_type=\"container\">\n\t\t\t\t<div class=\"elementor-element elementor-element-0ccf104 elementor-widget elementor-widget-heading\" data-id=\"0ccf104\" data-element_type=\"widget\" data-widget_type=\"heading.default\">\n\t\t\t\t<div class=\"elementor-widget-container\">\n\t\t\t\t\t<h1 class=\"elementor-heading-title elementor-size-default\">Nosotros<\/h1>\t\t\t\t<\/div>\n\t\t\t\t<\/div>\n\t\t\t\t<\/div>\n\t\t\t\t\t<\/div>\n\t\t\t\t<\/div>\n\t\t<div class=\"elementor-element elementor-element-8338255 e-flex e-con-boxed e-con e-parent\" data-id=\"8338255\" data-element_type=\"container\" data-settings=\"{&quot;background_background&quot;:&quot;classic&quot;}\">\n\t\t\t\t\t<div class=\"e-con-inner\">\n\t\t<div class=\"elementor-element elementor-element-87eb59b e-con-full e-flex e-con e-child\" data-id=\"87eb59b\" data-element_type=\"container\">\n\t\t\t\t<div class=\"elementor-element elementor-element-925cef2 elementor-widget elementor-widget-heading\" data-id=\"925cef2\" data-element_type=\"widget\" data-widget_type=\"heading.default\">\n\t\t\t\t<div class=\"elementor-widget-container\">\n\t\t\t\t\t<h2 class=\"elementor-heading-title elementor-size-default\">\u00a1Bienvenidos!<\/h2>\t\t\t\t<\/div>\n\t\t\t\t<\/div>\n\t\t\t\t<div class=\"elementor-element elementor-element-012d882 elementor-widget elementor-widget-heading\" data-id=\"012d882\" data-element_type=\"widget\" data-widget_type=\"heading.default\">\n\t\t\t\t<div class=\"elementor-widget-container\">\n\t\t\t\t\t<h3 class=\"elementor-heading-title elementor-size-default\">No encerrarse, sino construir puentes<\/h3>\t\t\t\t<\/div>\n\t\t\t\t<\/div>\n\t\t\t\t<div class=\"elementor-element elementor-element-35ebd54 elementor-widget elementor-widget-text-editor\" data-id=\"35ebd54\" data-element_type=\"widget\" data-widget_type=\"text-editor.default\">\n\t\t\t\t<div class=\"elementor-widget-container\">\n\t\t\t\t\t\t\t\t\t<p>Puente entre personas y culturas: En tierras extra\u00f1as con frecuencia uno se siente solo \u2013 y no solamente por estar en un pa\u00eds diferente. Por lo tanto, nuestra Comunidad ofrece varios grupos abiertos y c\u00edrculos para todos.\u00a0<span style=\"font-style: inherit; font-weight: inherit;\">\u00a0Hacemos m\u00fasica,\u00a0<\/span><span style=\"font-size: 1rem;\">\u00a0<\/span><span style=\"font-size: 1rem;\">meditamos,\u00a0<\/span><span style=\"font-style: inherit; font-weight: inherit;\">leemos, c<\/span><span style=\"font-size: 1rem; font-style: inherit; font-weight: inherit;\">elebramos fiestas y\u00a0<\/span><span style=\"font-style: inherit; font-weight: inherit;\">nos reunimos para diferentes eventos.<\/span><\/p><p><span style=\"font-style: inherit; font-weight: inherit;\">Puente hacia el pa\u00eds y su gente: Todos los d\u00edas en nuestra Parroquia se celebra una Misa en idioma castellano. Muchos peruanos se sienten como en casa en nuestra Parroquia. Tambi\u00e9n por medio de la Partnerschaft Per\u00fa-Friburgo (Pacto de Hermandad), desde hace 39 a\u00f1os, nuestra Comunidad est\u00e1 ligada a diversas regiones del pa\u00eds. Nosotros vivimos un contacto vivo con nuestros hermanos de Tablada de Lur\u00edn\u00a0 a trav\u00e9s de una guarder\u00eda, donde atendemos a ni\u00f1os de entre 1 a 6 a\u00f1os con un grado cr\u00edtico de desnutrici\u00f3n.<\/span><\/p><p>Puente hacia Dios: Por medio de meditaciones y grupos de discusi\u00f3n, catequesis y servicios religiosos compartimos nuestra fe experimentando as\u00ed el sentido m\u00e1s profundo de nuestra vida.<\/p><p>Si usted desea saber m\u00e1s de nosotros o si tiene inter\u00e9s en nuestra hoja informativa \u201cKontakte\u201d, h\u00e1ganoslo saber o vis\u00edtennos.<\/p><p><b>\u00a1Ay\u00fadennos a \u201cconstruir puentes\u201d!\u00a0<\/b><\/p><p>P. Peter Seibt<br \/>P\u00e1rroco<\/p>\t\t\t\t\t\t\t\t<\/div>\n\t\t\t\t<\/div>\n\t\t\t\t<div class=\"elementor-element elementor-element-d455eb2 elementor-widget elementor-widget-button\" data-id=\"d455eb2\" data-element_type=\"widget\" data-widget_type=\"button.default\">\n\t\t\t\t<div class=\"elementor-widget-container\">\n\t\t\t\t\t\t\t\t\t<div class=\"elementor-button-wrapper\">\n\t\t\t\t\t<a class=\"elementor-button elementor-button-link elementor-size-sm\" href=\"https:\/\/sanjoselima.org\/parroquia\/contact-us\">\n\t\t\t\t\t\t<span class=\"elementor-button-content-wrapper\">\n\t\t\t\t\t\t\t\t\t<span class=\"elementor-button-text\">Cont\u00e1ctanos<\/span>\n\t\t\t\t\t<\/span>\n\t\t\t\t\t<\/a>\n\t\t\t\t<\/div>\n\t\t\t\t\t\t\t\t<\/div>\n\t\t\t\t<\/div>\n\t\t\t\t<\/div>\n\t\t\t\t\t<\/div>\n\t\t\t\t<\/div>\n\t\t<div class=\"elementor-element elementor-element-a212e2d e-flex e-con-boxed e-con e-parent\" data-id=\"a212e2d\" data-element_type=\"container\">\n\t\t\t\t\t<div class=\"e-con-inner\">\n\t\t<div class=\"elementor-element elementor-element-c092856 e-con-full e-flex e-con e-child\" data-id=\"c092856\" data-element_type=\"container\">\n\t\t\t\t<div class=\"elementor-element elementor-element-a267fe7 elementor-widget elementor-widget-heading\" data-id=\"a267fe7\" data-element_type=\"widget\" data-widget_type=\"heading.default\">\n\t\t\t\t<div class=\"elementor-widget-container\">\n\t\t\t\t\t<h2 class=\"elementor-heading-title elementor-size-default\">Nuestra Historia<\/h2>\t\t\t\t<\/div>\n\t\t\t\t<\/div>\n\t\t\t\t<div class=\"elementor-element elementor-element-134ebd3 elementor-widget elementor-widget-heading\" data-id=\"134ebd3\" data-element_type=\"widget\" data-widget_type=\"heading.default\">\n\t\t\t\t<div class=\"elementor-widget-container\">\n\t\t\t\t\t<h3 class=\"elementor-heading-title elementor-size-default\">A trav\u00e9s de la fe y el esfuerzo comunitario<\/h3>\t\t\t\t<\/div>\n\t\t\t\t<\/div>\n\t\t\t\t<\/div>\n\t\t<div class=\"elementor-element elementor-element-48a0010 e-con-full e-flex e-con e-child\" data-id=\"48a0010\" data-element_type=\"container\">\n\t\t\t\t<div class=\"elementor-element elementor-element-36d5d4d elementor-widget__width-initial elementor-widget-tablet__width-inherit elementor-widget-mobile__width-inherit elementor-widget elementor-widget-text-editor\" data-id=\"36d5d4d\" data-element_type=\"widget\" data-widget_type=\"text-editor.default\">\n\t\t\t\t<div class=\"elementor-widget-container\">\n\t\t\t\t\t\t\t\t\t<p>En 1951, el Padre Jos\u00e9 Mauermann lleg\u00f3 a Lima, proveniente de su servicio sacerdotal en China. Inicialmente destinado a servir a la comunidad china en la Parroquia San Felipe, pronto se dio cuenta de que este proyecto no prosperaba, por lo que decidi\u00f3 fundar una comunidad de habla alemana. Junto al Sr. Urdanivia y su esposa la Sra. Helga von Schalburg, recorrieron Lima en su Oldsmobile buscando a los cat\u00f3licos de habla alemana a trav\u00e9s de las direcciones que hab\u00eda recibido de conocidos. Poco a poco, as\u00ed se fue formando la comunidad.<\/p><p>Mientras no contaban con un templo propio, las misas en alem\u00e1n se celebraban todos los domingos a las 10:30 a.m. en la Capilla del Colegio \u00abLa Reparaci\u00f3n\u00bb. Despu\u00e9s, comenz\u00f3 la b\u00fasqueda de un terreno para construir una iglesia, el cual se encontr\u00f3 en la Avenida Dos de Mayo. Las propietarias de este terreno, dos ancianas de apellido Gandolfo, viv\u00edan justo detr\u00e1s de la parcela. El Padre Mauermann se acerc\u00f3 a ellas para preguntar si el terreno estaba en venta y, al recibir una respuesta afirmativa, envi\u00f3 una carta a Bonn, Alemania donde se aprob\u00f3 el proyecto y se pag\u00f3 por el terreno.<\/p>\t\t\t\t\t\t\t\t<\/div>\n\t\t\t\t<\/div>\n\t\t\t\t<div class=\"elementor-element elementor-element-cbfe09d elementor-widget elementor-widget-image\" data-id=\"cbfe09d\" data-element_type=\"widget\" data-widget_type=\"image.default\">\n\t\t\t\t<div class=\"elementor-widget-container\">\n\t\t\t\t\t\t\t\t\t\t\t\t\t\t\t<img fetchpriority=\"high\" decoding=\"async\" width=\"1024\" height=\"768\" src=\"https:\/\/sanjoselima.org\/parroquia\/wp-content\/uploads\/2025\/09\/01_placa-1024x768.jpeg\" class=\"attachment-large size-large wp-image-26409\" alt=\"01 placa\" srcset=\"https:\/\/sanjoselima.org\/parroquia\/wp-content\/uploads\/2025\/09\/01_placa-1024x768.jpeg 1024w, https:\/\/sanjoselima.org\/parroquia\/wp-content\/uploads\/2025\/09\/01_placa-300x225.jpeg 300w, https:\/\/sanjoselima.org\/parroquia\/wp-content\/uploads\/2025\/09\/01_placa-768x576.jpeg 768w, https:\/\/sanjoselima.org\/parroquia\/wp-content\/uploads\/2025\/09\/01_placa.jpeg 1280w\" sizes=\"(max-width: 1024px) 100vw, 1024px\" title=\"Nosotros\">\t\t\t\t\t\t\t\t\t\t\t\t\t\t\t<\/div>\n\t\t\t\t<\/div>\n\t\t\t\t<\/div>\n\t\t<div class=\"elementor-element elementor-element-e895a44 e-con-full e-flex e-con e-child\" data-id=\"e895a44\" data-element_type=\"container\">\n\t\t\t\t<div class=\"elementor-element elementor-element-2b26d7c elementor-widget elementor-widget-text-editor\" data-id=\"2b26d7c\" data-element_type=\"widget\" data-widget_type=\"text-editor.default\">\n\t\t\t\t<div class=\"elementor-widget-container\">\n\t\t\t\t\t\t\t\t\t<p>Con la adquisici\u00f3n del terreno, el Padre Mauermann propuso la creaci\u00f3n de un Consejo Parroquial, encargado de supervisar la construcci\u00f3n. El Sr. Saredi se encarg\u00f3 de la edificaci\u00f3n de la casa parroquial, mientras que el Sr. Tgetgel tom\u00f3 las riendas de la construcci\u00f3n de la iglesia. El primer Consejo Parroquial estuvo integrado por la Sra. Schmitz, el Sr. y la Sra. Urdanivia, y el Sr. Guillermo Cornejo, con Helga von Schalburg como la primera secretaria y el Sr. Wolff a cargo de la contabilidad.<\/p><p>Con el terreno asegurado, comenzaron los trabajos de construcci\u00f3n, que contaron con la ayuda de muchos alemanes cat\u00f3licos y no cat\u00f3licos. Los se\u00f1ores Moll, Freitag y\u00a0 Bachmann donaron dinero, ladrillos y materiales como aluminio. La Sra. Stahl, una anciana generosa, vendi\u00f3 una casa y don\u00f3 el dinero a la construcci\u00f3n de la iglesia. As\u00ed, cada quien contribuy\u00f3 con lo que pod\u00eda.<\/p><p>Cuando finalmente se complet\u00f3 la casa parroquial, la caja estaba vac\u00eda. El Padre Mauermann, conocido por su frugalidad, ahorr\u00f3 cada centavo, incluso en su alimentaci\u00f3n. Mientras tanto, cada primer viernes del mes, el comedor de la parroquia se transformaba en un espacio lit\u00fargico, y la mesa se convert\u00eda en altar.<\/p><p>El 6 de marzo de 1960, un representante del Secretariado para Comunidades Alemanas en el extranjero, el Sr. Prelado Wittenau, lleg\u00f3 desde Bonn, Alemania, para la colocaci\u00f3n de la primera piedra de la iglesia. Tra\u00eda consigo un cheque por el valor de 5.000 d\u00f3lares estadounidenses. A la ceremonia tambi\u00e9n asistieron representantes de la Comunidad Evang\u00e9lica-Luterana y de la Comunidad Jud\u00eda, as\u00ed como el Obispo auxiliar de Lima,\u00a0 Mons. Mario Cornejo.<\/p><p>Con el tiempo, bajo la direcci\u00f3n de Mater Angela, se fund\u00f3 un coro parroquial que ensayaba todos los lunes por la noche, de 8:00 a 10:00 p.m.<\/p><p>Despu\u00e9s de la jubilaci\u00f3n del Padre Mauermann, varios sacerdotes se encargaron de la Parroquia San Jos\u00e9. El P. Wesselmann estuvo a cargo durante dos a\u00f1os, seguido por el P. Heinrich Rosner (4 a\u00f1os), P. Bernhard Hombach (4 a\u00f1os), P. Wilfrid Woitschek (4 a\u00f1os), P. Carlos Pfeiffer (3 a\u00f1os), P. Wolfgang Klock (14 a\u00f1os), P. Bernhard Schneider (5 a\u00f1os), P. Tiberiu Szeles (11 a\u00f1os) y, desde 2019, P. Peter Seibt.<\/p>\t\t\t\t\t\t\t\t<\/div>\n\t\t\t\t<\/div>\n\t\t\t\t<\/div>\n\t\t\t\t\t<\/div>\n\t\t\t\t<\/div>\n\t\t\t\t<\/div>\n\t\t","protected":false},"excerpt":{"rendered":"<p>Nosotros \u00a1Bienvenidos! No encerrarse, sino construir puentes Puente entre personas y culturas: En tierras extra\u00f1as con frecuencia uno se siente solo \u2013 y no solamente por estar en un pa\u00eds [&hellip;]<\/p>\n","protected":false},"author":5,"featured_media":0,"parent":0,"menu_order":0,"comment_status":"closed","ping_status":"closed","template":"","meta":{"site-sidebar-layout":"no-sidebar","site-content-layout":"page-builder","ast-site-content-layout":"default","site-content-style":"default","site-sidebar-style":"default","ast-global-header-display":"","ast-banner-title-visibility":"","ast-main-header-display":"","ast-hfb-above-header-display":"","ast-hfb-below-header-display":"","ast-hfb-mobile-header-display":"","site-post-title":"disabled","ast-breadcrumbs-content":"disabled","ast-featured-img":"disabled","footer-sml-layout":"","theme-transparent-header-meta":"enabled","adv-header-id-meta":"","stick-header-meta":"","header-above-stick-meta":"","header-main-stick-meta":"","header-below-stick-meta":"","astra-migrate-meta-layouts":"default","ast-page-background-enabled":"default","ast-page-background-meta":{"desktop":{"background-color":"var(--ast-global-color-4)","background-image":"","background-repeat":"repeat","background-position":"center center","background-size":"auto","background-attachment":"scroll","background-type":"","background-media":"","overlay-type":"","overlay-color":"","overlay-opacity":"","overlay-gradient":""},"tablet":{"background-color":"","background-image":"","background-repeat":"repeat","background-position":"center center","background-size":"auto","background-attachment":"scroll","background-type":"","background-media":"","overlay-type":"","overlay-color":"","overlay-opacity":"","overlay-gradient":""},"mobile":{"background-color":"","background-image":"","background-repeat":"repeat","background-position":"center center","background-size":"auto","background-attachment":"scroll","background-type":"","background-media":"","overlay-type":"","overlay-color":"","overlay-opacity":"","overlay-gradient":""}},"ast-content-background-meta":{"desktop":{"background-color":"var(--ast-global-color-5)","background-image":"","background-repeat":"repeat","background-position":"center center","background-size":"auto","background-attachment":"scroll","background-type":"","background-media":"","overlay-type":"","overlay-color":"","overlay-opacity":"","overlay-gradient":""},"tablet":{"background-color":"var(--ast-global-color-5)","background-image":"","background-repeat":"repeat","background-position":"center center","background-size":"auto","background-attachment":"scroll","background-type":"","background-media":"","overlay-type":"","overlay-color":"","overlay-opacity":"","overlay-gradient":""},"mobile":{"background-color":"var(--ast-global-color-5)","background-image":"","background-repeat":"repeat","background-position":"center center","background-size":"auto","background-attachment":"scroll","background-type":"","background-media":"","overlay-type":"","overlay-color":"","overlay-opacity":"","overlay-gradient":""}},"footnotes":""},"class_list":["post-13","page","type-page","status-publish","hentry"],"_links":{"self":[{"href":"https:\/\/sanjoselima.org\/parroquia\/wp-json\/wp\/v2\/pages\/13","targetHints":{"allow":["GET"]}}],"collection":[{"href":"https:\/\/sanjoselima.org\/parroquia\/wp-json\/wp\/v2\/pages"}],"about":[{"href":"https:\/\/sanjoselima.org\/parroquia\/wp-json\/wp\/v2\/types\/page"}],"author":[{"embeddable":true,"href":"https:\/\/sanjoselima.org\/parroquia\/wp-json\/wp\/v2\/users\/5"}],"replies":[{"embeddable":true,"href":"https:\/\/sanjoselima.org\/parroquia\/wp-json\/wp\/v2\/comments?post=13"}],"version-history":[{"count":61,"href":"https:\/\/sanjoselima.org\/parroquia\/wp-json\/wp\/v2\/pages\/13\/revisions"}],"predecessor-version":[{"id":26597,"href":"https:\/\/sanjoselima.org\/parroquia\/wp-json\/wp\/v2\/pages\/13\/revisions\/26597"}],"wp:attachment":[{"href":"https:\/\/sanjoselima.org\/parroquia\/wp-json\/wp\/v2\/media?parent=13"}],"curies":[{"name":"wp","href":"https:\/\/api.w.org\/{rel}","templated":true}]}}